{"id":56,"date":"2022-05-17T11:15:19","date_gmt":"2022-05-17T09:15:19","guid":{"rendered":"https:\/\/www.medicinka.sk\/?page_id=56"},"modified":"2025-02-07T12:51:56","modified_gmt":"2025-02-07T11:51:56","slug":"homepage","status":"publish","type":"page","link":"https:\/\/www.medicinka.sk\/","title":{"rendered":"Homepage"},"content":{"rendered":"<p>[et_pb_section fb_built=&#8220;1&#8243; admin_label=&#8220;Header&#8220; _builder_version=&#8220;4.17.3&#8243; _module_preset=&#8220;default&#8220; background_color=&#8220;#16bab6&#8243; background_enable_image=&#8220;off&#8220; background_size=&#8220;initial&#8220; background_position=&#8220;center_right&#8220; height=&#8220;527px&#8220; overflow-x=&#8220;hidden&#8220; overflow-y=&#8220;hidden&#8220; custom_padding=&#8220;||0px||false|false&#8220; locked=&#8220;off&#8220; global_colors_info=&#8220;{}&#8220;][et_pb_row column_structure=&#8220;1_2,1_2&#8243; _builder_version=&#8220;4.16&#8243; _module_preset=&#8220;default&#8220; custom_padding=&#8220;||0px||false|false&#8220; global_colors_info=&#8220;{}&#8220;][et_pb_column type=&#8220;1_2&#8243; _builder_version=&#8220;4.16&#8243; _module_preset=&#8220;default&#8220; custom_padding=&#8220;||40px||false|false&#8220; global_colors_info=&#8220;{}&#8220;][et_pb_text _builder_version=&#8220;4.17.3&#8243; _module_preset=&#8220;default&#8220; header_font=&#8220;EB Garamond|600|||||||&#8220; header_font_size=&#8220;64px&#8220; header_line_height=&#8220;1.3em&#8220; background_image=&#8220;https:\/\/www.medicinka.sk\/wp-content\/uploads\/2022\/06\/logo-biele-transparent.png&#8220; min_height=&#8220;221.8px&#8220; header_font_size_tablet=&#8220;40px&#8220; header_font_size_phone=&#8220;24px&#8220; header_font_size_last_edited=&#8220;on|phone&#8220; global_colors_info=&#8220;{}&#8220;][\/et_pb_text][et_pb_text _builder_version=&#8220;4.17.3&#8243; _module_preset=&#8220;default&#8220; text_font=&#8220;EB Garamond||||||||&#8220; text_text_color=&#8220;#000000&#8243; text_font_size=&#8220;22px&#8220; text_line_height=&#8220;1.5em&#8220; min_height=&#8220;53px&#8220; text_font_size_tablet=&#8220;18px&#8220; text_font_size_phone=&#8220;14px&#8220; text_font_size_last_edited=&#8220;on|phone&#8220; global_colors_info=&#8220;{}&#8220;]<\/p>\n<p><span style=\"font-size: x-large;\">V\u00fddaj\u0148a zdravotn\u00edckych potrieb a doplnkov v\u00fd\u017eivy.<\/span><\/p>\n<p>[\/et_pb_text][\/et_pb_column][et_pb_column type=&#8220;1_2&#8243; _builder_version=&#8220;4.16&#8243; _module_preset=&#8220;default&#8220; global_colors_info=&#8220;{}&#8220;][et_pb_image src=&#8220;https:\/\/www.medicinka.sk\/wp-content\/uploads\/2022\/05\/banner1.png&#8220; title_text=&#8220;banner1&#8243; _builder_version=&#8220;4.17.3&#8243; _module_preset=&#8220;default&#8220; custom_margin=&#8220;|-20vw|||false|false&#8220; custom_margin_tablet=&#8220;|0vw|||false|false&#8220; custom_margin_phone=&#8220;&#8220; custom_margin_last_edited=&#8220;on|tablet&#8220; global_colors_info=&#8220;{}&#8220;][\/et_pb_image][\/et_pb_column][\/et_pb_row][\/et_pb_section][et_pb_section fb_built=&#8220;1&#8243; admin_label=&#8220;Features&#8220; _builder_version=&#8220;4.16&#8243; _module_preset=&#8220;default&#8220; custom_padding=&#8220;5vw||5vw||true|false&#8220; locked=&#8220;off&#8220; global_colors_info=&#8220;{}&#8220;][et_pb_row _builder_version=&#8220;4.16&#8243; _module_preset=&#8220;default&#8220; global_colors_info=&#8220;{}&#8220;][et_pb_column type=&#8220;4_4&#8243; _builder_version=&#8220;4.16&#8243; _module_preset=&#8220;default&#8220; global_colors_info=&#8220;{}&#8220;][et_pb_text _builder_version=&#8220;4.16&#8243; _module_preset=&#8220;default&#8220; header_2_font=&#8220;EB Garamond||||||||&#8220; header_2_font_size=&#8220;48px&#8220; header_2_line_height=&#8220;1.3em&#8220; header_2_font_size_tablet=&#8220;34px&#8220; header_2_font_size_phone=&#8220;22px&#8220; header_2_font_size_last_edited=&#8220;on|phone&#8220; global_colors_info=&#8220;{}&#8220;]<\/p>\n<h2 style=\"text-align: center;\">\u0160pecializovan\u00e1 v\u00fddaj\u0148a zdravotn\u00edckych potrieb v\u00a0 Pova\u017eskej Bystrici.<\/h2>\n<p>[\/et_pb_text][\/et_pb_column][\/et_pb_row][et_pb_row column_structure=&#8220;1_3,1_3,1_3&#8243; _builder_version=&#8220;4.16&#8243; _module_preset=&#8220;default&#8220; global_colors_info=&#8220;{}&#8220;][et_pb_column type=&#8220;1_3&#8243; _builder_version=&#8220;4.16&#8243; _module_preset=&#8220;default&#8220; global_colors_info=&#8220;{}&#8220;][et_pb_image src=&#8220;https:\/\/www.medicinka.sk\/wp-content\/uploads\/2022\/05\/ikona-profesionalne-poradenstvo.png&#8220; title_text=&#8220;ikona-profesionalne-poradenstvo&#8220; _builder_version=&#8220;4.17.3&#8243; _module_preset=&#8220;default&#8220; global_colors_info=&#8220;{}&#8220;][\/et_pb_image][et_pb_text _builder_version=&#8220;4.17.3&#8243; _module_preset=&#8220;default&#8220; header_3_font=&#8220;EB Garamond|600|||||||&#8220; header_3_line_height=&#8220;1.4em&#8220; custom_margin=&#8220;||0px||false|false&#8220; global_colors_info=&#8220;{}&#8220;]<\/p>\n<h3>Profesion\u00e1lne poradenstvo<\/h3>\n<p>[\/et_pb_text][et_pb_divider color=&#8220;#16bab6&#8243; divider_weight=&#8220;2px&#8220; _builder_version=&#8220;4.17.3&#8243; _module_preset=&#8220;default&#8220; width=&#8220;40%&#8220; global_colors_info=&#8220;{}&#8220;][\/et_pb_divider][et_pb_text _builder_version=&#8220;4.16&#8243; _module_preset=&#8220;default&#8220; text_font=&#8220;ABeeZee||||||||&#8220; text_line_height=&#8220;1.8em&#8220; locked=&#8220;off&#8220; global_colors_info=&#8220;{}&#8220;]<\/p>\n<p>Potrebujete poradi\u0165 s\u00a0v\u00fdberom vhodnej zdravotn\u00edckej pom\u00f4cky? N\u00e1\u0161 odborn\u00fd t\u00edm je V\u00e1m k\u00a0dispoz\u00edcii na predajni alebo na telef\u00f3nom \u010d\u00edsle. Nev\u00e1hajte sa na n\u00e1s obr\u00e1ti\u0165 s\u00a0akouko\u013evek ot\u00e1zkou. Sme tu pre V\u00e1s.<\/p>\n<p>[\/et_pb_text][\/et_pb_column][et_pb_column type=&#8220;1_3&#8243; _builder_version=&#8220;4.16&#8243; _module_preset=&#8220;default&#8220; global_colors_info=&#8220;{}&#8220;][et_pb_image src=&#8220;https:\/\/www.medicinka.sk\/wp-content\/uploads\/2022\/05\/ikona-specialista-na-inkontinenciu.png&#8220; title_text=&#8220;ikona-specialista-na-inkontinenciu&#8220; _builder_version=&#8220;4.17.3&#8243; _module_preset=&#8220;default&#8220; locked=&#8220;off&#8220; global_colors_info=&#8220;{}&#8220;][\/et_pb_image][et_pb_text _builder_version=&#8220;4.17.3&#8243; _module_preset=&#8220;default&#8220; header_3_font=&#8220;EB Garamond|600|||||||&#8220; header_3_line_height=&#8220;1.4em&#8220; custom_margin=&#8220;||0px||false|false&#8220; locked=&#8220;off&#8220; global_colors_info=&#8220;{}&#8220;]<\/p>\n<h3>\u0160pecialista na inkontinenciu<\/h3>\n<p>[\/et_pb_text][et_pb_divider color=&#8220;#16bab6&#8243; divider_weight=&#8220;2px&#8220; _builder_version=&#8220;4.17.3&#8243; _module_preset=&#8220;default&#8220; width=&#8220;40%&#8220; locked=&#8220;off&#8220; global_colors_info=&#8220;{}&#8220;][\/et_pb_divider][et_pb_text _builder_version=&#8220;4.16&#8243; _module_preset=&#8220;default&#8220; text_font=&#8220;ABeeZee||||||||&#8220; text_line_height=&#8220;1.8em&#8220; locked=&#8220;off&#8220; global_colors_info=&#8220;{}&#8220;]<\/p>\n<p>Inkontinencia patr\u00ed ku roz\u0161\u00edren\u00e9mu ochoreniu o\u00a0ktorom sa ve\u013emi nerozpr\u00e1va. V\u00a0pr\u00edpade potreby konzultova\u0165 V\u00e1\u0161 probl\u00e9m, vieme zabezpe\u010di\u0165 diskr\u00e9tnos\u0165 a\u00a0profesion\u00e1lne V\u00e1m poradi\u0165 v\u00a0tejto oblasti. N\u00e1\u0161 t\u00edm m\u00e1 u\u017e 10 rokov sk\u00fasenosti.<\/p>\n<p>[\/et_pb_text][\/et_pb_column][et_pb_column type=&#8220;1_3&#8243; _builder_version=&#8220;4.16&#8243; _module_preset=&#8220;default&#8220; global_colors_info=&#8220;{}&#8220;][et_pb_image src=&#8220;https:\/\/www.medicinka.sk\/wp-content\/uploads\/2022\/05\/ikona-zdravotnicke-pomocky.png&#8220; title_text=&#8220;ikona-zdravotnicke-pomocky&#8220; _builder_version=&#8220;4.17.3&#8243; _module_preset=&#8220;default&#8220; locked=&#8220;off&#8220; global_colors_info=&#8220;{}&#8220;][\/et_pb_image][et_pb_text _builder_version=&#8220;4.17.3&#8243; _module_preset=&#8220;default&#8220; header_3_font=&#8220;EB Garamond|600|||||||&#8220; header_3_line_height=&#8220;1.4em&#8220; custom_margin=&#8220;||0px||false|false&#8220; locked=&#8220;off&#8220; global_colors_info=&#8220;{}&#8220;]<\/p>\n<h3><span>Rehabilita\u010dn\u00e9 pom\u00f4cky<\/span><\/h3>\n<p>[\/et_pb_text][et_pb_divider color=&#8220;#16bab6&#8243; divider_weight=&#8220;2px&#8220; _builder_version=&#8220;4.17.3&#8243; _module_preset=&#8220;default&#8220; width=&#8220;40%&#8220; locked=&#8220;off&#8220; global_colors_info=&#8220;{}&#8220;][\/et_pb_divider][et_pb_text _builder_version=&#8220;4.16&#8243; _module_preset=&#8220;default&#8220; text_font=&#8220;ABeeZee||||||||&#8220; text_line_height=&#8220;1.8em&#8220; locked=&#8220;off&#8220; global_colors_info=&#8220;{}&#8220;]<\/p>\n<p>Ste po \u00faraze alebo oper\u00e1cii? Pon\u00fakame \u0161irok\u00fd sortiment rehabilita\u010dn\u00fdch pom\u00f4cok na r\u00f4zne oblasti \u013eudsk\u00e9ho te\u013ea. Nev\u00e1hajte sa pr\u00eds\u0165 poradi\u0165 o\u00a0spr\u00e1vnej pom\u00f4cke.<\/p>\n<p>[\/et_pb_text][\/et_pb_column][\/et_pb_row][et_pb_row column_structure=&#8220;1_3,1_3,1_3&#8243; _builder_version=&#8220;4.16&#8243; _module_preset=&#8220;default&#8220; global_colors_info=&#8220;{}&#8220;][et_pb_column type=&#8220;1_3&#8243; _builder_version=&#8220;4.16&#8243; _module_preset=&#8220;default&#8220; global_colors_info=&#8220;{}&#8220;][et_pb_image src=&#8220;https:\/\/www.medicinka.sk\/wp-content\/uploads\/2022\/05\/ikona-zdravotnicky-material.png&#8220; title_text=&#8220;ikona-zdravotnicky-material&#8220; _builder_version=&#8220;4.17.3&#8243; _module_preset=&#8220;default&#8220; global_colors_info=&#8220;{}&#8220;][\/et_pb_image][et_pb_text _builder_version=&#8220;4.17.3&#8243; _module_preset=&#8220;default&#8220; header_3_font=&#8220;EB Garamond|600|||||||&#8220; header_3_line_height=&#8220;1.4em&#8220; custom_margin=&#8220;||0px||false|false&#8220; global_colors_info=&#8220;{}&#8220;]<\/p>\n<h3>Zdravotn\u00edcky materi\u00e1l<\/h3>\n<p>[\/et_pb_text][et_pb_divider color=&#8220;#16bab6&#8243; divider_weight=&#8220;2px&#8220; _builder_version=&#8220;4.17.3&#8243; _module_preset=&#8220;default&#8220; width=&#8220;40%&#8220; global_colors_info=&#8220;{}&#8220;][\/et_pb_divider][et_pb_text _builder_version=&#8220;4.17.3&#8243; _module_preset=&#8220;default&#8220; text_font=&#8220;ABeeZee||||||||&#8220; text_line_height=&#8220;1.8em&#8220; locked=&#8220;off&#8220; global_colors_info=&#8220;{}&#8220;]<\/p>\n<p>Ste zdravotn\u00edcke zariadenie? Nechcete ma\u0165 starosti so z\u00e1sobovan\u00edm zdravotn\u00edckeho materi\u00e1lu pre Va\u0161e zariadenie? My sa o\u00a0to postar\u00e1me, a\u00a0materi\u00e1l V\u00e1m dovezieme priamo k\u00a0V\u00e1m. Sta\u010d\u00ed n\u00e1m posla\u0165 zoznam na <a href=\"mailto:medic\u00ednka@medicinka.sk\">medicinka@medicinka.sk<\/a><\/p>\n<p>[\/et_pb_text][\/et_pb_column][et_pb_column type=&#8220;1_3&#8243; _builder_version=&#8220;4.16&#8243; _module_preset=&#8220;default&#8220; global_colors_info=&#8220;{}&#8220;][et_pb_image src=&#8220;https:\/\/www.medicinka.sk\/wp-content\/uploads\/2022\/05\/ikona-zdrava-vyziva.png&#8220; title_text=&#8220;ikona-zdrava-vyziva&#8220; _builder_version=&#8220;4.17.3&#8243; _module_preset=&#8220;default&#8220; locked=&#8220;off&#8220; global_colors_info=&#8220;{}&#8220;][\/et_pb_image][et_pb_text _builder_version=&#8220;4.17.3&#8243; _module_preset=&#8220;default&#8220; header_3_font=&#8220;EB Garamond|600|||||||&#8220; header_3_line_height=&#8220;1.4em&#8220; custom_margin=&#8220;||0px||false|false&#8220; locked=&#8220;off&#8220; global_colors_info=&#8220;{}&#8220;]<\/p>\n<h3>Zdrav\u00e1 v\u00fd\u017eiva<\/h3>\n<p>[\/et_pb_text][et_pb_divider color=&#8220;#16bab6&#8243; divider_weight=&#8220;2px&#8220; _builder_version=&#8220;4.17.3&#8243; _module_preset=&#8220;default&#8220; width=&#8220;40%&#8220; locked=&#8220;off&#8220; global_colors_info=&#8220;{}&#8220;][\/et_pb_divider][et_pb_text _builder_version=&#8220;4.16&#8243; _module_preset=&#8220;default&#8220; text_font=&#8220;ABeeZee||||||||&#8220; text_line_height=&#8220;1.8em&#8220; locked=&#8220;off&#8220; global_colors_info=&#8220;{}&#8220;]<\/p>\n<p>V\u00a0na\u0161ej kamennej predajni v\u00a0centre mesta V\u00e1m pon\u00fakame kompletn\u00e9 portf\u00f3lio zdrav v\u00fd\u017eivy zna\u010dky HILDEGARDE. Tento sortiment pon\u00fakame za v\u00fdhodn\u00e9 ceny.<\/p>\n<p>[\/et_pb_text][\/et_pb_column][et_pb_column type=&#8220;1_3&#8243; _builder_version=&#8220;4.16&#8243; _module_preset=&#8220;default&#8220; global_colors_info=&#8220;{}&#8220;][et_pb_image src=&#8220;https:\/\/www.medicinka.sk\/wp-content\/uploads\/2022\/05\/ikona-dovoz-az-domov.png&#8220; title_text=&#8220;ikona-dovoz-az-domov&#8220; _builder_version=&#8220;4.17.3&#8243; _module_preset=&#8220;default&#8220; locked=&#8220;off&#8220; global_colors_info=&#8220;{}&#8220;][\/et_pb_image][et_pb_text _builder_version=&#8220;4.17.3&#8243; _module_preset=&#8220;default&#8220; header_3_font=&#8220;EB Garamond|600|||||||&#8220; header_3_line_height=&#8220;1.4em&#8220; custom_margin=&#8220;||0px||false|false&#8220; locked=&#8220;off&#8220; global_colors_info=&#8220;{}&#8220;]<\/p>\n<h3><span>Dovoz a\u017e domov<\/span><\/h3>\n<p>[\/et_pb_text][et_pb_divider color=&#8220;#16bab6&#8243; divider_weight=&#8220;2px&#8220; _builder_version=&#8220;4.17.3&#8243; _module_preset=&#8220;default&#8220; width=&#8220;40%&#8220; locked=&#8220;off&#8220; global_colors_info=&#8220;{}&#8220;][\/et_pb_divider][et_pb_text _builder_version=&#8220;4.17.3&#8243; _module_preset=&#8220;default&#8220; text_font=&#8220;ABeeZee||||||||&#8220; text_line_height=&#8220;1.8em&#8220; locked=&#8220;off&#8220; global_colors_info=&#8220;{}&#8220;]<\/p>\n<p>Objednali ste si ve\u013ek\u00fd bal\u00edk? Nevl\u00e1dzete ho unies\u0165? Nie je probl\u00e9m sa s\u00a0nami dohodn\u00fa\u0165 na dovoze a\u017e k\u00a0V\u00e1m domov s\u00a0vylo\u017een\u00edm. Radi V\u00e1s obsl\u00fa\u017eime v\u00a0predajni.<\/p>\n<p>[\/et_pb_text][\/et_pb_column][\/et_pb_row][\/et_pb_section][et_pb_section fb_built=&#8220;1&#8243; admin_label=&#8220;About&#8220; _builder_version=&#8220;4.16&#8243; _module_preset=&#8220;default&#8220; overflow-x=&#8220;hidden&#8220; overflow-y=&#8220;hidden&#8220; locked=&#8220;off&#8220; global_colors_info=&#8220;{}&#8220;][et_pb_row _builder_version=&#8220;4.17.3&#8243; _module_preset=&#8220;default&#8220; global_colors_info=&#8220;{}&#8220;][et_pb_column type=&#8220;4_4&#8243; _builder_version=&#8220;4.16&#8243; _module_preset=&#8220;default&#8220; global_colors_info=&#8220;{}&#8220;][et_pb_text _builder_version=&#8220;4.17.3&#8243; _module_preset=&#8220;default&#8220; header_3_font=&#8220;EB Garamond|600|||||||&#8220; header_3_font_size=&#8220;20px&#8220; min_height=&#8220;64px&#8220; custom_margin=&#8220;||10px||false|false&#8220; custom_padding=&#8220;9px|||||&#8220; locked=&#8220;off&#8220; global_colors_info=&#8220;{}&#8220;]<\/p>\n<h2 style=\"text-align: center;\"><span style=\"font-size: xx-large;\"><strong>Otv\u00e1racie hodiny<\/strong><\/span><\/h2>\n<p>[\/et_pb_text][et_pb_text _builder_version=&#8220;4.17.3&#8243; _module_preset=&#8220;default&#8220; text_font=&#8220;ABeeZee||||||||&#8220; text_line_height=&#8220;2em&#8220; locked=&#8220;off&#8220; global_colors_info=&#8220;{}&#8220;]<\/p>\n<h3 style=\"text-align: center;\"><span style=\"font-size: xx-large;\">Pondelok:\u00a0 \u00a0 \u00a0 8-16<\/span><\/h3>\n<h3 style=\"text-align: center;\"><span style=\"font-size: xx-large;\">Utorok:\u00a0 \u00a0 \u00a0 \u00a0 \u00a0 8-16<\/span><\/h3>\n<h3 style=\"text-align: center;\"><span style=\"font-size: xx-large;\">Streda:\u00a0 \u00a0 \u00a0 \u00a0 \u00a0 8-16<\/span><\/h3>\n<h3 style=\"text-align: center;\"><span style=\"font-size: xx-large;\">\u0160tvrtok:\u00a0 \u00a0 \u00a0 \u00a0 \u00a08-16<\/span><\/h3>\n<h3 style=\"text-align: center;\"><span style=\"font-size: xx-large;\">Piatok:\u00a0 \u00a0 \u00a0 \u00a0 \u00a0 \u00a08-16<\/span><\/h3>\n<h3 style=\"text-align: center;\"><span style=\"font-size: xx-large;\">\u00a0 \u00a0 \u00a0 \u00a0Sobota:\u00a0 \u00a0 \u00a0 \u00a0 \u00a0 Zatvoren\u00e9<\/span><\/h3>\n<h3 style=\"text-align: center;\"><span style=\"font-size: xx-large;\">\u00a0 \u00a0 \u00a0 \u00a0Nede\u013ea:\u00a0 \u00a0 \u00a0 \u00a0 \u00a0 Zatvoren\u00e9<\/span><\/h3>\n<p style=\"text-align: center;\"><span style=\"font-size: xx-large; color: #000000;\"><\/span><\/p>\n<p style=\"text-align: center;\"><span style=\"font-size: xx-large; color: #000000;\"><\/span><\/p>\n<p style=\"text-align: center;\"><span style=\"font-size: xx-large; color: #000000;\">TEL: <b>0948 303 292<\/b><\/span><span style=\"font-size: xx-large; color: #000000;\"><b><\/b><\/span><\/p>\n<p><span style=\"font-size: xx-large;\"><\/span><\/p>\n<p>[\/et_pb_text][\/et_pb_column][\/et_pb_row][\/et_pb_section][et_pb_section fb_built=&#8220;1&#8243; admin_label=&#8220;Footer&#8220; _builder_version=&#8220;4.17.3&#8243; _module_preset=&#8220;default&#8220; background_color=&#8220;#f4f7fa&#8220; background_image=&#8220;https:\/\/www.medicinka.sk\/wp-content\/uploads\/2022\/05\/banner1.png&#8220; background_position=&#8220;top_center&#8220; min_height=&#8220;676.1px&#8220; custom_padding=&#8220;12vw||12vw||false|false&#8220; locked=&#8220;off&#8220; global_colors_info=&#8220;{}&#8220;][et_pb_row _builder_version=&#8220;4.17.3&#8243; _module_preset=&#8220;default&#8220; global_colors_info=&#8220;{}&#8220;][et_pb_column type=&#8220;4_4&#8243; _builder_version=&#8220;4.17.3&#8243; _module_preset=&#8220;default&#8220; global_colors_info=&#8220;{}&#8220;][et_pb_map google_api_key=&#8220;AIzaSyCZBHeA1ENpskpgcXSjFilalvJN3G-GJVQ&#8220; zoom_level=&#8220;18&#8243; address_lat=&#8220;49.1208966&#8243; address_lng=&#8220;18.4346505&#8243; _builder_version=&#8220;4.17.3&#8243; _module_preset=&#8220;default&#8220; global_colors_info=&#8220;{}&#8220; address=&#8220;Milana Rastislava \u0160tef\u00e1nika 158, 017 01 Pova\u017esk\u00e1 Bystrica, Slovensko&#8220; hover_enabled=&#8220;0&#8243; sticky_enabled=&#8220;0&#8243;][et_pb_map_pin _builder_version=&#8220;4.17.3&#8243; _module_preset=&#8220;default&#8220; pin_address=&#8220;Milana Rastislava \u0160tef\u00e1nika 158, 017 01 Pova\u017esk\u00e1 Bystrica, Slovensko&#8220; pin_address_lat=&#8220;49.1208966&#8243; pin_address_lng=&#8220;18.4346505&#8243; zoom_level=&#8220;17&#8243; hover_enabled=&#8220;0&#8243; sticky_enabled=&#8220;0&#8243; title=&#8220;VZP Medicinka&#8220;][\/et_pb_map_pin][\/et_pb_map][\/et_pb_column][\/et_pb_row][\/et_pb_section]<\/p>\n","protected":false},"excerpt":{"rendered":"<p>V\u00fddaj\u0148a zdravotn\u00edckych potrieb a doplnkov v\u00fd\u017eivy.\u0160pecializovan\u00e1 v\u00fddaj\u0148a zdravotn\u00edckych potrieb v\u00a0 Pova\u017eskej Bystrici.Profesion\u00e1lne poradenstvoPotrebujete poradi\u0165 s\u00a0v\u00fdberom vhodnej zdravotn\u00edckej pom\u00f4cky? N\u00e1\u0161 odborn\u00fd t\u00edm je V\u00e1m k\u00a0dispoz\u00edcii na predajni alebo na telef\u00f3nom \u010d\u00edsle. Nev\u00e1hajte sa na n\u00e1s obr\u00e1ti\u0165 s\u00a0akouko\u013evek ot\u00e1zkou. Sme tu pre V\u00e1s.\u0160pecialista na inkontinenciuInkontinencia patr\u00ed ku roz\u0161\u00edren\u00e9mu ochoreniu o\u00a0ktorom sa ve\u013emi nerozpr\u00e1va. V\u00a0pr\u00edpade potreby konzultova\u0165 V\u00e1\u0161 [&hellip;]<\/p>\n","protected":false},"author":1,"featured_media":0,"parent":0,"menu_order":0,"comment_status":"closed","ping_status":"closed","template":"","meta":{"_et_pb_use_builder":"on","_et_pb_old_content":"","_et_gb_content_width":"","_mi_skip_tracking":false},"yoast_head":"<!-- This site is optimized with the Yoast SEO plugin v20.5 - https:\/\/yoast.com\/wordpress\/plugins\/seo\/ -->\n<title>Homepage - V\u00fddaj\u0148a zdravotn\u00edckych pom\u00f4cok<\/title>\n<meta name=\"robots\" content=\"index, follow, max-snippet:-1, max-image-preview:large, max-video-preview:-1\" \/>\n<link rel=\"canonical\" href=\"https:\/\/www.medicinka.sk\/\" \/>\n<meta property=\"og:locale\" content=\"sk_SK\" \/>\n<meta property=\"og:type\" content=\"article\" \/>\n<meta property=\"og:title\" content=\"Homepage - V\u00fddaj\u0148a zdravotn\u00edckych pom\u00f4cok\" \/>\n<meta property=\"og:description\" content=\"V\u00fddaj\u0148a zdravotn\u00edckych potrieb a doplnkov v\u00fd\u017eivy.\u0160pecializovan\u00e1 v\u00fddaj\u0148a zdravotn\u00edckych potrieb v\u00a0 Pova\u017eskej Bystrici.Profesion\u00e1lne poradenstvoPotrebujete poradi\u0165 s\u00a0v\u00fdberom vhodnej zdravotn\u00edckej pom\u00f4cky? N\u00e1\u0161 odborn\u00fd t\u00edm je V\u00e1m k\u00a0dispoz\u00edcii na predajni alebo na telef\u00f3nom \u010d\u00edsle. Nev\u00e1hajte sa na n\u00e1s obr\u00e1ti\u0165 s\u00a0akouko\u013evek ot\u00e1zkou. Sme tu pre V\u00e1s.\u0160pecialista na inkontinenciuInkontinencia patr\u00ed ku roz\u0161\u00edren\u00e9mu ochoreniu o\u00a0ktorom sa ve\u013emi nerozpr\u00e1va. V\u00a0pr\u00edpade potreby konzultova\u0165 V\u00e1\u0161 [&hellip;]\" \/>\n<meta property=\"og:url\" content=\"https:\/\/www.medicinka.sk\/\" \/>\n<meta property=\"og:site_name\" content=\"V\u00fddaj\u0148a zdravotn\u00edckych pom\u00f4cok\" \/>\n<meta property=\"article:modified_time\" content=\"2025-02-07T11:51:56+00:00\" \/>\n<meta name=\"twitter:card\" content=\"summary_large_image\" \/>\n<meta name=\"twitter:label1\" content=\"Predpokladan\u00fd \u010das \u010d\u00edtania\" \/>\n\t<meta name=\"twitter:data1\" content=\"6 min\u00fat\" \/>\n<script type=\"application\/ld+json\" class=\"yoast-schema-graph\">{\"@context\":\"https:\/\/schema.org\",\"@graph\":[{\"@type\":\"WebPage\",\"@id\":\"https:\/\/www.medicinka.sk\/\",\"url\":\"https:\/\/www.medicinka.sk\/\",\"name\":\"Homepage - V\u00fddaj\u0148a zdravotn\u00edckych pom\u00f4cok\",\"isPartOf\":{\"@id\":\"https:\/\/www.medicinka.sk\/#website\"},\"datePublished\":\"2022-05-17T09:15:19+00:00\",\"dateModified\":\"2025-02-07T11:51:56+00:00\",\"breadcrumb\":{\"@id\":\"https:\/\/www.medicinka.sk\/#breadcrumb\"},\"inLanguage\":\"sk-SK\",\"potentialAction\":[{\"@type\":\"ReadAction\",\"target\":[\"https:\/\/www.medicinka.sk\/\"]}]},{\"@type\":\"BreadcrumbList\",\"@id\":\"https:\/\/www.medicinka.sk\/#breadcrumb\",\"itemListElement\":[{\"@type\":\"ListItem\",\"position\":1,\"name\":\"Home\",\"item\":\"https:\/\/www.medicinka.sk\/\"},{\"@type\":\"ListItem\",\"position\":2,\"name\":\"Homepage\"}]},{\"@type\":\"WebSite\",\"@id\":\"https:\/\/www.medicinka.sk\/#website\",\"url\":\"https:\/\/www.medicinka.sk\/\",\"name\":\"V\u00fddaj\u0148a zdravotn\u00edckych pom\u00f4cok\",\"description\":\"\",\"potentialAction\":[{\"@type\":\"SearchAction\",\"target\":{\"@type\":\"EntryPoint\",\"urlTemplate\":\"https:\/\/www.medicinka.sk\/?s={search_term_string}\"},\"query-input\":\"required name=search_term_string\"}],\"inLanguage\":\"sk-SK\"}]}<\/script>\n<!-- \/ Yoast SEO plugin. -->","yoast_head_json":{"title":"Homepage - V\u00fddaj\u0148a zdravotn\u00edckych pom\u00f4cok","robots":{"index":"index","follow":"follow","max-snippet":"max-snippet:-1","max-image-preview":"max-image-preview:large","max-video-preview":"max-video-preview:-1"},"canonical":"https:\/\/www.medicinka.sk\/","og_locale":"sk_SK","og_type":"article","og_title":"Homepage - V\u00fddaj\u0148a zdravotn\u00edckych pom\u00f4cok","og_description":"V\u00fddaj\u0148a zdravotn\u00edckych potrieb a doplnkov v\u00fd\u017eivy.\u0160pecializovan\u00e1 v\u00fddaj\u0148a zdravotn\u00edckych potrieb v\u00a0 Pova\u017eskej Bystrici.Profesion\u00e1lne poradenstvoPotrebujete poradi\u0165 s\u00a0v\u00fdberom vhodnej zdravotn\u00edckej pom\u00f4cky? N\u00e1\u0161 odborn\u00fd t\u00edm je V\u00e1m k\u00a0dispoz\u00edcii na predajni alebo na telef\u00f3nom \u010d\u00edsle. Nev\u00e1hajte sa na n\u00e1s obr\u00e1ti\u0165 s\u00a0akouko\u013evek ot\u00e1zkou. Sme tu pre V\u00e1s.\u0160pecialista na inkontinenciuInkontinencia patr\u00ed ku roz\u0161\u00edren\u00e9mu ochoreniu o\u00a0ktorom sa ve\u013emi nerozpr\u00e1va. V\u00a0pr\u00edpade potreby konzultova\u0165 V\u00e1\u0161 [&hellip;]","og_url":"https:\/\/www.medicinka.sk\/","og_site_name":"V\u00fddaj\u0148a zdravotn\u00edckych pom\u00f4cok","article_modified_time":"2025-02-07T11:51:56+00:00","twitter_card":"summary_large_image","twitter_misc":{"Predpokladan\u00fd \u010das \u010d\u00edtania":"6 min\u00fat"},"schema":{"@context":"https:\/\/schema.org","@graph":[{"@type":"WebPage","@id":"https:\/\/www.medicinka.sk\/","url":"https:\/\/www.medicinka.sk\/","name":"Homepage - V\u00fddaj\u0148a zdravotn\u00edckych pom\u00f4cok","isPartOf":{"@id":"https:\/\/www.medicinka.sk\/#website"},"datePublished":"2022-05-17T09:15:19+00:00","dateModified":"2025-02-07T11:51:56+00:00","breadcrumb":{"@id":"https:\/\/www.medicinka.sk\/#breadcrumb"},"inLanguage":"sk-SK","potentialAction":[{"@type":"ReadAction","target":["https:\/\/www.medicinka.sk\/"]}]},{"@type":"BreadcrumbList","@id":"https:\/\/www.medicinka.sk\/#breadcrumb","itemListElement":[{"@type":"ListItem","position":1,"name":"Home","item":"https:\/\/www.medicinka.sk\/"},{"@type":"ListItem","position":2,"name":"Homepage"}]},{"@type":"WebSite","@id":"https:\/\/www.medicinka.sk\/#website","url":"https:\/\/www.medicinka.sk\/","name":"V\u00fddaj\u0148a zdravotn\u00edckych pom\u00f4cok","description":"","potentialAction":[{"@type":"SearchAction","target":{"@type":"EntryPoint","urlTemplate":"https:\/\/www.medicinka.sk\/?s={search_term_string}"},"query-input":"required name=search_term_string"}],"inLanguage":"sk-SK"}]}},"_links":{"self":[{"href":"https:\/\/www.medicinka.sk\/index.php?rest_route=\/wp\/v2\/pages\/56"}],"collection":[{"href":"https:\/\/www.medicinka.sk\/index.php?rest_route=\/wp\/v2\/pages"}],"about":[{"href":"https:\/\/www.medicinka.sk\/index.php?rest_route=\/wp\/v2\/types\/page"}],"author":[{"embeddable":true,"href":"https:\/\/www.medicinka.sk\/index.php?rest_route=\/wp\/v2\/users\/1"}],"replies":[{"embeddable":true,"href":"https:\/\/www.medicinka.sk\/index.php?rest_route=%2Fwp%2Fv2%2Fcomments&post=56"}],"version-history":[{"count":5,"href":"https:\/\/www.medicinka.sk\/index.php?rest_route=\/wp\/v2\/pages\/56\/revisions"}],"predecessor-version":[{"id":141,"href":"https:\/\/www.medicinka.sk\/index.php?rest_route=\/wp\/v2\/pages\/56\/revisions\/141"}],"wp:attachment":[{"href":"https:\/\/www.medicinka.sk\/index.php?rest_route=%2Fwp%2Fv2%2Fmedia&parent=56"}],"curies":[{"name":"wp","href":"https:\/\/api.w.org\/{rel}","templated":true}]}}